{"id":11,"date":"2019-08-28T17:35:30","date_gmt":"2019-08-28T15:35:30","guid":{"rendered":"http:\/\/rolnik.tbg.net.pl\/erasmusplus2019\/?page_id=11"},"modified":"2022-01-05T11:30:33","modified_gmt":"2022-01-05T10:30:33","slug":"i-tura-wyjazdowa-do-sewilli","status":"publish","type":"page","link":"http:\/\/rolnik.tbg.net.pl\/erasmusplus2019\/i-tura-wyjazdowa-do-sewilli\/","title":{"rendered":"I tura wyjazdowa do Sewilli"},"content":{"rendered":"\t\t<div data-elementor-type=\"post\" data-elementor-id=\"11\" class=\"elementor elementor-11\" data-elementor-settings=\"[]\">\n\t\t\t<div class=\"elementor-inner\">\n\t\t\t\t<div class=\"elementor-section-wrap\">\n\t\t\t\t\t\t\t<section class=\"elementor-element elementor-element-5a31f3e elementor-section-boxed elementor-section-height-default elementor-section-height-default elementor-section elementor-top-section\" data-id=\"5a31f3e\" data-element_type=\"section\">\n\t\t\t\t\t\t<div class=\"elementor-container elementor-column-gap-default\">\n\t\t\t\t<div class=\"elementor-row\">\n\t\t\t\t<div class=\"elementor-element elementor-element-430fb8dd elementor-column elementor-col-100 elementor-top-column\" data-id=\"430fb8dd\" data-element_type=\"column\">\n\t\t\t<div class=\"elementor-column-wrap  elementor-element-populated\">\n\t\t\t\t\t<div class=\"elementor-widget-wrap\">\n\t\t\t\t<div class=\"elementor-element elementor-element-4d5bb351 elementor-drop-cap-yes elementor-drop-cap-view-default elementor-widget elementor-widget-text-editor\" data-id=\"4d5bb351\" data-element_type=\"widget\" data-settings=\"{&quot;drop_cap&quot;:&quot;yes&quot;}\" data-widget_type=\"text-editor.default\">\n\t\t\t\t<div class=\"elementor-widget-container\">\n\t\t\t\t\t<div class=\"elementor-text-editor elementor-clearfix\"><\/div>\n\t\t\t\t<\/div>\n\t\t\t\t<\/div>\n\t\t\t\t\t\t<\/div>\n\t\t\t<\/div>\n\t\t<\/div>\n\t\t\t\t\t\t<\/div>\n\t\t\t<\/div>\n\t\t<\/section>\n\t\t\t\t<section class=\"elementor-element elementor-element-d2cb91c elementor-section-boxed elementor-section-height-default elementor-section-height-default elementor-section elementor-top-section\" data-id=\"d2cb91c\" data-element_type=\"section\">\n\t\t\t\t\t\t<div class=\"elementor-container elementor-column-gap-default\">\n\t\t\t\t<div class=\"elementor-row\">\n\t\t\t\t<div class=\"elementor-element elementor-element-95c8b3d elementor-column elementor-col-50 elementor-top-column\" data-id=\"95c8b3d\" data-element_type=\"column\">\n\t\t\t<div class=\"elementor-column-wrap  elementor-element-populated\">\n\t\t\t\t\t<div class=\"elementor-widget-wrap\">\n\t\t\t\t<div class=\"elementor-element elementor-element-e081312 elementor-widget elementor-widget-image\" data-id=\"e081312\" data-element_type=\"widget\" data-widget_type=\"image.default\">\n\t\t\t\t<div class=\"elementor-widget-container\">\n\t\t\t\t\t<div class=\"elementor-image\">\n\t\t\t\t\t\t\t\t\t\t<img loading=\"lazy\" decoding=\"async\" width=\"200\" height=\"200\" src=\"http:\/\/rolnik.tbg.net.pl\/erasmusplus2019\/wp-content\/uploads\/2019\/10\/72483556_2459876374067809_8054596704151797760_n.jpg\" class=\"attachment-large size-large\" alt=\"\" srcset=\"http:\/\/rolnik.tbg.net.pl\/erasmusplus2019\/wp-content\/uploads\/2019\/10\/72483556_2459876374067809_8054596704151797760_n.jpg 200w, http:\/\/rolnik.tbg.net.pl\/erasmusplus2019\/wp-content\/uploads\/2019\/10\/72483556_2459876374067809_8054596704151797760_n-150x150.jpg 150w, http:\/\/rolnik.tbg.net.pl\/erasmusplus2019\/wp-content\/uploads\/2019\/10\/72483556_2459876374067809_8054596704151797760_n-75x75.jpg 75w\" sizes=\"(max-width: 200px) 100vw, 200px\" \/>\t\t\t\t\t\t\t\t\t\t\t<\/div>\n\t\t\t\t<\/div>\n\t\t\t\t<\/div>\n\t\t\t\t\t\t<\/div>\n\t\t\t<\/div>\n\t\t<\/div>\n\t\t\t\t<div class=\"elementor-element elementor-element-a33fb0a elementor-column elementor-col-50 elementor-top-column\" data-id=\"a33fb0a\" data-element_type=\"column\">\n\t\t\t<div class=\"elementor-column-wrap  elementor-element-populated\">\n\t\t\t\t\t<div class=\"elementor-widget-wrap\">\n\t\t\t\t<div class=\"elementor-element elementor-element-90e3cb1 elementor-widget elementor-widget-heading\" data-id=\"90e3cb1\" data-element_type=\"widget\" data-widget_type=\"heading.default\">\n\t\t\t\t<div class=\"elementor-widget-container\">\n\t\t\t<h4 class=\"elementor-heading-title elementor-size-default\"><h4 style=\"white-space: normal; text-align: center;\">I grupa odby\u0142a sta\u017ce w Sewilli w lutym 2020<\/h4><div style=\"color: rgb(122, 122, 122); font-size: 15px; font-weight: 400; white-space: normal;\">&nbsp;<\/div><\/h4>\t\t<\/div>\n\t\t\t\t<\/div>\n\t\t\t\t\t\t<\/div>\n\t\t\t<\/div>\n\t\t<\/div>\n\t\t\t\t\t\t<\/div>\n\t\t\t<\/div>\n\t\t<\/section>\n\t\t\t\t<section class=\"elementor-element elementor-element-60313a9 elementor-section-boxed elementor-section-height-default elementor-section-height-default elementor-section elementor-top-section\" data-id=\"60313a9\" data-element_type=\"section\">\n\t\t\t\t\t\t<div class=\"elementor-container elementor-column-gap-default\">\n\t\t\t\t<div class=\"elementor-row\">\n\t\t\t\t<div class=\"elementor-element elementor-element-bd1e2c9 elementor-column elementor-col-100 elementor-top-column\" data-id=\"bd1e2c9\" data-element_type=\"column\">\n\t\t\t<div class=\"elementor-column-wrap  elementor-element-populated\">\n\t\t\t\t\t<div class=\"elementor-widget-wrap\">\n\t\t\t\t<div class=\"elementor-element elementor-element-d8f3a42 elementor-widget elementor-widget-heading\" data-id=\"d8f3a42\" data-element_type=\"widget\" data-widget_type=\"heading.default\">\n\t\t\t\t<div class=\"elementor-widget-container\">\n\t\t\t<h5 class=\"elementor-heading-title elementor-size-default\">Zdj\u0119cia z pobytu w Sewilli i przygotowa\u0144 do wyjazdu na szkolnym Facebooku<span style=\"letter-spacing: 0px;\"><\/span><br><\/h5>\t\t<\/div>\n\t\t\t\t<\/div>\n\t\t\t\t<div class=\"elementor-element elementor-element-85ff8b1 elementor-widget elementor-widget-text-editor\" data-id=\"85ff8b1\" data-element_type=\"widget\" data-widget_type=\"text-editor.default\">\n\t\t\t\t<div class=\"elementor-widget-container\">\n\t\t\t\t\t<div class=\"elementor-text-editor elementor-clearfix\"><iframe loading=\"lazy\" src=\"https:\/\/docs.google.com\/presentation\/d\/e\/2PACX-1vT0in9D_81JhfkRU9Ud2NqHxOq3CQrKWVQrnwWMxvO1TCBULff5AoXy3_O9TsT2Uw\/embed?start=false&#038;loop=false&#038;delayms=3000\" frameborder=\"0\" width=\"960\" height=\"500\" allowfullscreen=\"true\" mozallowfullscreen=\"true\" webkitallowfullscreen=\"true\"><\/iframe><\/div>\n\t\t\t\t<\/div>\n\t\t\t\t<\/div>\n\t\t\t\t<div class=\"elementor-element elementor-element-93610b8 elementor-shape-rounded elementor-widget elementor-widget-social-icons\" data-id=\"93610b8\" data-element_type=\"widget\" data-widget_type=\"social-icons.default\">\n\t\t\t\t<div class=\"elementor-widget-container\">\n\t\t\t\t\t<div class=\"elementor-social-icons-wrapper\">\n\t\t\t\t\t\t\t<a href=\"https:\/\/www.facebook.com\/pg\/zsrtbg\/photos\/?tab=album&amp;album_id=2459683307420449\" class=\"elementor-icon elementor-social-icon elementor-social-icon-facebook elementor-repeater-item-7a5303c\" target=\"_blank\">\n\t\t\t\t\t<span class=\"elementor-screen-only\">Facebook<\/span>\n\t\t\t\t\t<i class=\"fab fa-facebook\"><\/i>\t\t\t\t<\/a>\n\t\t\t\t\t\t\t<a href=\"https:\/\/www.instagram.com\/zs2tbg\/\" class=\"elementor-icon elementor-social-icon elementor-social-icon-instagram elementor-repeater-item-6e4d7bb\" target=\"_blank\">\n\t\t\t\t\t<span class=\"elementor-screen-only\">Instagram<\/span>\n\t\t\t\t\t<i class=\"fab fa-instagram\"><\/i>\t\t\t\t<\/a>\n\t\t\t\t\t<\/div>\n\t\t\t\t<\/div>\n\t\t\t\t<\/div>\n\t\t\t\t<div class=\"elementor-element elementor-element-9eb90c1 elementor-widget elementor-widget-html\" data-id=\"9eb90c1\" data-element_type=\"widget\" data-widget_type=\"html.default\">\n\t\t\t\t<div class=\"elementor-widget-container\">\n\t\t\t\n<iframe loading=\"lazy\" src=\"https:\/\/www.facebook.com\/plugins\/post.php?href=https%3A%2F%2Fwww.facebook.com%2Fzsrtbg%2Fposts%2F3509035439151892&width=500&show_text=true&height=728&appId\" width=\"500\" height=\"728\" style=\"border:none;overflow:hidden\" scrolling=\"no\" frameborder=\"0\" allowfullscreen=\"true\" allow=\"autoplay; clipboard-write; encrypted-media; picture-in-picture; web-share\"><\/iframe>\n<iframe loading=\"lazy\" src=\"https:\/\/www.facebook.com\/plugins\/post.php?href=https%3A%2F%2Fwww.facebook.com%2Fzsrtbg%2Fposts%2F3261522050569900&show_text=true&width=500\" width=\"500\" height=\"723\" style=\"border:none;overflow:hidden\" scrolling=\"no\" frameborder=\"0\" allowfullscreen=\"true\" allow=\"autoplay; clipboard-write; encrypted-media; picture-in-picture; web-share\"><\/iframe>\n\t\t<\/div>\n\t\t\t\t<\/div>\n\t\t\t\t\t\t<\/div>\n\t\t\t<\/div>\n\t\t<\/div>\n\t\t\t\t\t\t<\/div>\n\t\t\t<\/div>\n\t\t<\/section>\n\t\t\t\t<section class=\"elementor-element elementor-element-ff291a4 elementor-section-boxed elementor-section-height-default elementor-section-height-default elementor-section elementor-top-section\" data-id=\"ff291a4\" data-element_type=\"section\">\n\t\t\t\t\t\t<div class=\"elementor-container elementor-column-gap-default\">\n\t\t\t\t<div class=\"elementor-row\">\n\t\t\t\t<div class=\"elementor-element elementor-element-8281fe3 elementor-column elementor-col-100 elementor-top-column\" data-id=\"8281fe3\" data-element_type=\"column\">\n\t\t\t<div class=\"elementor-column-wrap  elementor-element-populated\">\n\t\t\t\t\t<div class=\"elementor-widget-wrap\">\n\t\t\t\t<div class=\"elementor-element elementor-element-e1aec93 elementor-aspect-ratio-169 elementor-widget elementor-widget-video\" data-id=\"e1aec93\" data-element_type=\"widget\" data-settings=\"{&quot;aspect_ratio&quot;:&quot;169&quot;}\" data-widget_type=\"video.default\">\n\t\t\t\t<div class=\"elementor-widget-container\">\n\t\t\t\t\t<div class=\"elementor-wrapper elementor-fit-aspect-ratio elementor-open-inline\">\n\t\t\t<iframe class=\"elementor-video-iframe\" allowfullscreen src=\"https:\/\/www.youtube.com\/embed\/Y3kcCfWH1tI?feature=oembed&amp;start&amp;end&amp;wmode=opaque&amp;loop=0&amp;controls=1&amp;mute=0&amp;rel=0&amp;modestbranding=0\"><\/iframe>\t\t<\/div>\n\t\t\t\t<\/div>\n\t\t\t\t<\/div>\n\t\t\t\t<div class=\"elementor-element elementor-element-c39bd83 elementor-widget elementor-widget-html\" data-id=\"c39bd83\" data-element_type=\"widget\" data-widget_type=\"html.default\">\n\t\t\t\t<div class=\"elementor-widget-container\">\n\t\t\t\n<iframe loading=\"lazy\" src=\"https:\/\/www.facebook.com\/plugins\/post.php?href=https%3A%2F%2Fwww.facebook.com%2Fzsrtbg%2Fposts%2F2736830313039079&width=500\" width=\"500\" height=\"689\" style=\"border:none;overflow:hidden\" scrolling=\"no\" frameborder=\"0\" allowTransparency=\"true\" allow=\"encrypted-media\"><\/iframe>\n<iframe loading=\"lazy\" src=\"https:\/\/www.facebook.com\/plugins\/post.php?href=https%3A%2F%2Fwww.facebook.com%2Fzsrtbg%2Fposts%2F2733315716723872&width=500\" width=\"500\" height=\"727\" style=\"border:none;overflow:hidden\" scrolling=\"no\" frameborder=\"0\" allowTransparency=\"true\" allow=\"encrypted-media\"><\/iframe>\n<iframe loading=\"lazy\" src=\"https:\/\/www.facebook.com\/plugins\/post.php?href=https%3A%2F%2Fwww.facebook.com%2Fzsrtbg%2Fposts%2F2726916744030436&width=500\" width=\"500\" height=\"468\" style=\"border:none;overflow:hidden\" scrolling=\"no\" frameborder=\"0\" allowTransparency=\"true\" allow=\"encrypted-media\"><\/iframe>\n<iframe loading=\"lazy\" src=\"https:\/\/www.facebook.com\/plugins\/post.php?href=https%3A%2F%2Fwww.facebook.com%2Fzsrtbg%2Fposts%2F2723777104344400&width=500\" width=\"500\" height=\"462\" style=\"border:none;overflow:hidden\" scrolling=\"no\" frameborder=\"0\" allowTransparency=\"true\" allow=\"encrypted-media\"><\/iframe>\n<iframe loading=\"lazy\" src=\"https:\/\/www.facebook.com\/plugins\/post.php?href=https%3A%2F%2Fwww.facebook.com%2Fzsrtbg%2Fposts%2F2722781027777341&width=500\" width=\"500\" height=\"462\" style=\"border:none;overflow:hidden\" scrolling=\"no\" frameborder=\"0\" allowTransparency=\"true\" allow=\"encrypted-media\"><\/iframe>\n<iframe loading=\"lazy\" src=\"https:\/\/www.facebook.com\/plugins\/post.php?href=https%3A%2F%2Fwww.facebook.com%2Fzsrtbg%2Fposts%2F2722754467779997&width=500\" width=\"500\" height=\"462\" style=\"border:none;overflow:hidden\" scrolling=\"no\" frameborder=\"0\" allowTransparency=\"true\" allow=\"encrypted-media\"><\/iframe>\n<iframe loading=\"lazy\" src=\"https:\/\/www.facebook.com\/plugins\/post.php?href=https%3A%2F%2Fwww.facebook.com%2Fzsrtbg%2Fposts%2F2722657787789665&width=500\" width=\"500\" height=\"361\" style=\"border:none;overflow:hidden\" scrolling=\"no\" frameborder=\"0\" allowTransparency=\"true\" allow=\"encrypted-media\"><\/iframe>\n<iframe loading=\"lazy\" src=\"https:\/\/www.facebook.com\/plugins\/post.php?href=https%3A%2F%2Fwww.facebook.com%2Fzsrtbg%2Fposts%2F2722637037791740&width=500\" width=\"500\" height=\"727\" style=\"border:none;overflow:hidden\" scrolling=\"no\" frameborder=\"0\" allowTransparency=\"true\" allow=\"encrypted-media\"><\/iframe>\n<iframe loading=\"lazy\" src=\"https:\/\/www.facebook.com\/plugins\/post.php?href=https%3A%2F%2Fwww.facebook.com%2Fzsrtbg%2Fposts%2F2722400477815396&width=500\" width=\"500\" height=\"689\" style=\"border:none;overflow:hidden\" scrolling=\"no\" frameborder=\"0\" allowTransparency=\"true\" allow=\"encrypted-media\"><\/iframe>\n<iframe loading=\"lazy\" src=\"https:\/\/www.facebook.com\/plugins\/post.php?href=https%3A%2F%2Fwww.facebook.com%2Fzsrtbg%2Fposts%2F2721919734530137&width=500\" width=\"500\" height=\"708\" style=\"border:none;overflow:hidden\" scrolling=\"no\" frameborder=\"0\" allowTransparency=\"true\" allow=\"encrypted-media\"><\/iframe>\n<iframe loading=\"lazy\" src=\"https:\/\/www.facebook.com\/plugins\/video.php?href=https%3A%2F%2Fwww.facebook.com%2Fzsrtbg%2Fvideos%2F2574066039539453%2F&show_text=0&width=476\" width=\"476\" height=\"476\" style=\"border:none;overflow:hidden\" scrolling=\"no\" frameborder=\"0\" allowTransparency=\"true\" allowFullScreen=\"true\"><\/iframe>\n<iframe loading=\"lazy\" src=\"https:\/\/www.facebook.com\/plugins\/post.php?href=https%3A%2F%2Fwww.facebook.com%2Fzsrtbg%2Fposts%2F2719745021414275&width=500\" width=\"500\" height=\"650\" style=\"border:none;overflow:hidden\" scrolling=\"no\" frameborder=\"0\" allowTransparency=\"true\" allow=\"encrypted-media\"><\/iframe>\n<iframe loading=\"lazy\" src=\"https:\/\/www.facebook.com\/plugins\/post.php?href=https%3A%2F%2Fwww.facebook.com%2Fzsrtbg%2Fposts%2F2717625434959567&width=500\" width=\"500\" height=\"492\" style=\"border:none;overflow:hidden\" scrolling=\"no\" frameborder=\"0\" allowTransparency=\"true\" allow=\"encrypted-media\"><\/iframe>\n<iframe loading=\"lazy\" src=\"https:\/\/www.facebook.com\/plugins\/post.php?href=https%3A%2F%2Fwww.facebook.com%2Fzsrtbg%2Fposts%2F2717566148298829&width=500\" width=\"500\" height=\"529\" style=\"border:none;overflow:hidden\" scrolling=\"no\" frameborder=\"0\" allowTransparency=\"true\" allow=\"encrypted-media\"><\/iframe>\n\t\t<\/div>\n\t\t\t\t<\/div>\n\t\t\t\t<div class=\"elementor-element elementor-element-6e03742 elementor-widget elementor-widget-text-editor\" data-id=\"6e03742\" data-element_type=\"widget\" data-widget_type=\"text-editor.default\">\n\t\t\t\t<div class=\"elementor-widget-container\">\n\t\t\t\t\t<div class=\"elementor-text-editor elementor-clearfix\"><ul><li><strong><em>24 .01.2020<\/em><\/strong><strong style=\"letter-spacing: 0px;\"><em>\u00a0<\/em><\/strong><\/li><\/ul><p style=\"padding-left: 40px;\">Odby\u0142o si\u0119 ju\u017c drugie zebranie uczestnik\u00f3w i ich rodzic\u00f3w. Uczestnicy pierwszej grupy wyjazdowej podpisali porozumienia o programie sta\u017c\u00f3w z firmami, kt\u00f3re ich przyjm\u0105.<\/p><p style=\"padding-left: 40px;\">Pozosta\u0142o ju\u017c tylko spakowa\u0107 walizki i &#8230; lecimy&#8230; Nie zapomnijcie spakowa\u0107 dobrego humoru \ud83d\ude09<\/p><ul><li><strong><em>14.01.2019<\/em><\/strong><\/li><\/ul><p style=\"padding-left: 40px;\">Zako\u0144czy\u0142y si\u0119 ju\u017c wszystkie szkolenia przed wyjazdem.\u00a0<\/p><ul><li><strong><em>20. 09.2019<\/em><\/strong><br \/>Wybrana w procesie rekrutacji 16 osobowa grupa uczni\u00f3w naszej szko\u0142y uczestniczy w kursie j\u0119zyka angielskiego zawodowego.<\/li><li><strong><em>01.10.2019<br \/><\/em><\/strong>Uczniowie wykonali test poziomuj\u0105cy na europejskiej platformie OLS. Test b\u0119dzie powt\u00f3rzony po powrocie ze sta\u017cy. Pozwoli to okre\u015bli\u0107 przyrost umiej\u0119tno\u015bci w pos\u0142ugiwaniu si\u0119 j\u0119zykiem angielskim.<br \/>Jeste\u015bmy przekonani, \u017ce ka\u017cdy uczestnik odczuje ju\u017c w trakcie pobytu na sta\u017cu, \u017ce pos\u0142ugiwanie si\u0119 j\u0119zykiem obcym na co dzie\u0144 nie jest takie straszne \ud83d\ude42<\/li><li><em style=\"letter-spacing: 0px;\"><b>25.10.2019<br \/><\/b><\/em>Uczniowie przygotowali swoje pierwsze CV, kt\u00f3re pomog\u0105 w doborze miejsc sta\u017cy w Sewilli.<\/li><\/ul><\/div>\n\t\t\t\t<\/div>\n\t\t\t\t<\/div>\n\t\t\t\t\t\t<\/div>\n\t\t\t<\/div>\n\t\t<\/div>\n\t\t\t\t\t\t<\/div>\n\t\t\t<\/div>\n\t\t<\/section>\n\t\t\t\t\t\t<\/div>\n\t\t\t<\/div>\n\t\t<\/div>\n\t\t","protected":false},"excerpt":{"rendered":"<p>I grupa odby\u0142a sta\u017ce w Sewilli w lutym 2020 &nbsp; Zdj\u0119cia z pobytu w Sewilli i przygotowa\u0144 do wyjazdu na szkolnym Facebooku Facebook Instagram 24 .01.2020\u00a0 Odby\u0142o si\u0119 ju\u017c drugie zebranie uczestnik\u00f3w i ich rodzic\u00f3w. Uczestnicy pierwszej grupy wyjazdowej podpisali porozumienia o programie sta\u017c\u00f3w z firmami, kt\u00f3re ich przyjm\u0105. Pozosta\u0142o ju\u017c tylko spakowa\u0107 walizki i &#8230; lecimy&#8230; Nie zapomnijcie spakowa\u0107 dobrego humoru \ud83d\ude09 14.01.2019 Zako\u0144czy\u0142y si\u0119 ju\u017c wszystkie szkolenia przed wyjazdem.\u00a0 20. 09.2019Wybrana w procesie rekrutacji 16 osobowa grupa uczni\u00f3w naszej szko\u0142y uczestniczy w kursie j\u0119zyka angielskiego zawodowego. 01.10.2019Uczniowie wykonali test poziomuj\u0105cy na europejskiej platformie OLS. Test b\u0119dzie powt\u00f3rzony po powrocie ze sta\u017cy. Pozwoli to okre\u015bli\u0107 przyrost umiej\u0119tno\u015bci w pos\u0142ugiwaniu si\u0119 j\u0119zykiem angielskim.Jeste\u015bmy przekonani, \u017ce ka\u017cdy uczestnik odczuje ju\u017c w trakcie pobytu na sta\u017cu, \u017ce pos\u0142ugiwanie si\u0119 j\u0119zykiem obcym na co dzie\u0144 nie jest takie straszne \ud83d\ude42 25.10.2019Uczniowie przygotowali swoje pierwsze CV, kt\u00f3re pomog\u0105 w doborze miejsc sta\u017cy w Sewilli.<\/p>\n","protected":false},"author":1,"featured_media":0,"parent":0,"menu_order":0,"comment_status":"closed","ping_status":"closed","template":"","meta":{"footnotes":""},"_links":{"self":[{"href":"http:\/\/rolnik.tbg.net.pl\/erasmusplus2019\/wp-json\/wp\/v2\/pages\/11"}],"collection":[{"href":"http:\/\/rolnik.tbg.net.pl\/erasmusplus2019\/wp-json\/wp\/v2\/pages"}],"about":[{"href":"http:\/\/rolnik.tbg.net.pl\/erasmusplus2019\/wp-json\/wp\/v2\/types\/page"}],"author":[{"embeddable":true,"href":"http:\/\/rolnik.tbg.net.pl\/erasmusplus2019\/wp-json\/wp\/v2\/users\/1"}],"replies":[{"embeddable":true,"href":"http:\/\/rolnik.tbg.net.pl\/erasmusplus2019\/wp-json\/wp\/v2\/comments?post=11"}],"version-history":[{"count":33,"href":"http:\/\/rolnik.tbg.net.pl\/erasmusplus2019\/wp-json\/wp\/v2\/pages\/11\/revisions"}],"predecessor-version":[{"id":371,"href":"http:\/\/rolnik.tbg.net.pl\/erasmusplus2019\/wp-json\/wp\/v2\/pages\/11\/revisions\/371"}],"wp:attachment":[{"href":"http:\/\/rolnik.tbg.net.pl\/erasmusplus2019\/wp-json\/wp\/v2\/media?parent=11"}],"curies":[{"name":"wp","href":"https:\/\/api.w.org\/{rel}","templated":true}]}}