{"id":200,"date":"2020-05-05T10:46:05","date_gmt":"2020-05-05T08:46:05","guid":{"rendered":"http:\/\/rolnik.tbg.net.pl\/erasmusplus2019\/?page_id=200"},"modified":"2021-12-29T17:15:24","modified_gmt":"2021-12-29T16:15:24","slug":"jezyk-angielski-w-projekcie","status":"publish","type":"page","link":"http:\/\/rolnik.tbg.net.pl\/erasmusplus2019\/jezyk-angielski-w-projekcie\/","title":{"rendered":"J\u0119zyk angielski w projekcie"},"content":{"rendered":"\t\t<div data-elementor-type=\"post\" data-elementor-id=\"200\" class=\"elementor elementor-200\" data-elementor-settings=\"[]\">\n\t\t\t<div class=\"elementor-inner\">\n\t\t\t\t<div class=\"elementor-section-wrap\">\n\t\t\t\t\t\t\t<section class=\"elementor-element elementor-element-67a18359 elementor-section-boxed elementor-section-height-default elementor-section-height-default elementor-section elementor-top-section\" data-id=\"67a18359\" data-element_type=\"section\">\n\t\t\t\t\t\t<div class=\"elementor-container elementor-column-gap-default\">\n\t\t\t\t<div class=\"elementor-row\">\n\t\t\t\t<div class=\"elementor-element elementor-element-73de2431 elementor-column elementor-col-100 elementor-top-column\" data-id=\"73de2431\" data-element_type=\"column\">\n\t\t\t<div class=\"elementor-column-wrap  elementor-element-populated\">\n\t\t\t\t\t<div class=\"elementor-widget-wrap\">\n\t\t\t\t<div class=\"elementor-element elementor-element-382bf68f elementor-widget elementor-widget-text-editor\" data-id=\"382bf68f\" data-element_type=\"widget\" data-widget_type=\"text-editor.default\">\n\t\t\t\t<div class=\"elementor-widget-container\">\n\t\t\t\t\t<div class=\"elementor-text-editor elementor-clearfix\"><!-- wp:heading -->\n<h2>S\u0142owniczek czynno\u015bci sta\u017cowych<\/h2>\n<!-- \/wp:heading -->\n\n<!-- wp:paragraph -->\n<p><\/p>\n<!-- \/wp:paragraph --><\/div>\n\t\t\t\t<\/div>\n\t\t\t\t<\/div>\n\t\t\t\t\t\t<\/div>\n\t\t\t<\/div>\n\t\t<\/div>\n\t\t\t\t\t\t<\/div>\n\t\t\t<\/div>\n\t\t<\/section>\n\t\t\t\t<section class=\"elementor-element elementor-element-6b087b2 elementor-section-boxed elementor-section-height-default elementor-section-height-default elementor-section elementor-top-section\" data-id=\"6b087b2\" data-element_type=\"section\">\n\t\t\t\t\t\t<div class=\"elementor-container elementor-column-gap-default\">\n\t\t\t\t<div class=\"elementor-row\">\n\t\t\t\t<div class=\"elementor-element elementor-element-c30b887 elementor-column elementor-col-100 elementor-top-column\" data-id=\"c30b887\" data-element_type=\"column\">\n\t\t\t<div class=\"elementor-column-wrap  elementor-element-populated\">\n\t\t\t\t\t<div class=\"elementor-widget-wrap\">\n\t\t\t\t<div class=\"elementor-element elementor-element-47ad8dd elementor-widget elementor-widget-html\" data-id=\"47ad8dd\" data-element_type=\"widget\" data-widget_type=\"html.default\">\n\t\t\t\t<div class=\"elementor-widget-container\">\n\t\t\t<iframe loading=\"lazy\" src=\"https:\/\/docs.google.com\/presentation\/d\/e\/2PACX-1vTVYMmKeySd1dFDo5SdhorgDg-9QM9dr-ST0qpl-zZf3oDiKaITKp2QP2FRa8Z7UZ8-_STMKoEmlZlH\/embed?start=true&loop=true&delayms=4000\" frameborder=\"0\" width=\"700\" height=\"500\" allowfullscreen=\"true\" mozallowfullscreen=\"true\" webkitallowfullscreen=\"true\"><\/iframe>\t\t<\/div>\n\t\t\t\t<\/div>\n\t\t\t\t\t\t<\/div>\n\t\t\t<\/div>\n\t\t<\/div>\n\t\t\t\t\t\t<\/div>\n\t\t\t<\/div>\n\t\t<\/section>\n\t\t\t\t<section class=\"elementor-element elementor-element-fec51a8 elementor-section-boxed elementor-section-height-default elementor-section-height-default elementor-section elementor-top-section\" data-id=\"fec51a8\" data-element_type=\"section\">\n\t\t\t\t\t\t<div class=\"elementor-container elementor-column-gap-default\">\n\t\t\t\t<div class=\"elementor-row\">\n\t\t\t\t<div class=\"elementor-element elementor-element-60df1cc elementor-column elementor-col-100 elementor-top-column\" data-id=\"60df1cc\" data-element_type=\"column\">\n\t\t\t<div class=\"elementor-column-wrap  elementor-element-populated\">\n\t\t\t\t\t<div class=\"elementor-widget-wrap\">\n\t\t\t\t<div class=\"elementor-element elementor-element-cb1508a elementor-widget elementor-widget-html\" data-id=\"cb1508a\" data-element_type=\"widget\" data-widget_type=\"html.default\">\n\t\t\t\t<div class=\"elementor-widget-container\">\n\t\t\t<iframe src=\"https:\/\/learningapps.org\/watch?v=pgou7c73521\" style=\"border:0px;width:100%;height:500px\" allowfullscreen=\"true\" webkitallowfullscreen=\"true\" mozallowfullscreen=\"true\"><\/iframe>\n<iframe src=\"https:\/\/learningapps.org\/watch?v=p01dswo0321\" style=\"border:0px;width:100%;height:500px\" allowfullscreen=\"true\" webkitallowfullscreen=\"true\" mozallowfullscreen=\"true\"><\/iframe>\t\t<\/div>\n\t\t\t\t<\/div>\n\t\t\t\t\t\t<\/div>\n\t\t\t<\/div>\n\t\t<\/div>\n\t\t\t\t\t\t<\/div>\n\t\t\t<\/div>\n\t\t<\/section>\n\t\t\t\t\t\t<\/div>\n\t\t\t<\/div>\n\t\t<\/div>\n\t\t","protected":false},"excerpt":{"rendered":"<p>S\u0142owniczek czynno\u015bci sta\u017cowych<\/p>\n","protected":false},"author":1,"featured_media":0,"parent":0,"menu_order":0,"comment_status":"closed","ping_status":"closed","template":"","meta":{"footnotes":""},"_links":{"self":[{"href":"http:\/\/rolnik.tbg.net.pl\/erasmusplus2019\/wp-json\/wp\/v2\/pages\/200"}],"collection":[{"href":"http:\/\/rolnik.tbg.net.pl\/erasmusplus2019\/wp-json\/wp\/v2\/pages"}],"about":[{"href":"http:\/\/rolnik.tbg.net.pl\/erasmusplus2019\/wp-json\/wp\/v2\/types\/page"}],"author":[{"embeddable":true,"href":"http:\/\/rolnik.tbg.net.pl\/erasmusplus2019\/wp-json\/wp\/v2\/users\/1"}],"replies":[{"embeddable":true,"href":"http:\/\/rolnik.tbg.net.pl\/erasmusplus2019\/wp-json\/wp\/v2\/comments?post=200"}],"version-history":[{"count":12,"href":"http:\/\/rolnik.tbg.net.pl\/erasmusplus2019\/wp-json\/wp\/v2\/pages\/200\/revisions"}],"predecessor-version":[{"id":336,"href":"http:\/\/rolnik.tbg.net.pl\/erasmusplus2019\/wp-json\/wp\/v2\/pages\/200\/revisions\/336"}],"wp:attachment":[{"href":"http:\/\/rolnik.tbg.net.pl\/erasmusplus2019\/wp-json\/wp\/v2\/media?parent=200"}],"curies":[{"name":"wp","href":"https:\/\/api.w.org\/{rel}","templated":true}]}}