{"id":35,"date":"2019-08-29T18:52:12","date_gmt":"2019-08-29T16:52:12","guid":{"rendered":"http:\/\/rolnik.tbg.net.pl\/erasmusplus2019\/?page_id=35"},"modified":"2022-01-05T11:08:48","modified_gmt":"2022-01-05T10:08:48","slug":"iii-tura-wyjazdowa-do-sewilli","status":"publish","type":"page","link":"http:\/\/rolnik.tbg.net.pl\/erasmusplus2019\/iii-tura-wyjazdowa-do-sewilli\/","title":{"rendered":"III tura wyjazdowa do Sewilli"},"content":{"rendered":"\t\t<div data-elementor-type=\"post\" data-elementor-id=\"35\" class=\"elementor elementor-35\" data-elementor-settings=\"[]\">\n\t\t\t<div class=\"elementor-inner\">\n\t\t\t\t<div class=\"elementor-section-wrap\">\n\t\t\t\t\t\t\t<section class=\"elementor-element elementor-element-6f39c6ff elementor-section-boxed elementor-section-height-default elementor-section-height-default elementor-section elementor-top-section\" data-id=\"6f39c6ff\" data-element_type=\"section\">\n\t\t\t\t\t\t<div class=\"elementor-container elementor-column-gap-default\">\n\t\t\t\t<div class=\"elementor-row\">\n\t\t\t\t<div class=\"elementor-element elementor-element-12f55068 elementor-column elementor-col-100 elementor-top-column\" data-id=\"12f55068\" data-element_type=\"column\">\n\t\t\t<div class=\"elementor-column-wrap  elementor-element-populated\">\n\t\t\t\t\t<div class=\"elementor-widget-wrap\">\n\t\t\t\t<div class=\"elementor-element elementor-element-1e6b01ec elementor-widget elementor-widget-text-editor\" data-id=\"1e6b01ec\" data-element_type=\"widget\" data-widget_type=\"text-editor.default\">\n\t\t\t\t<div class=\"elementor-widget-container\">\n\t\t\t\t\t<div class=\"elementor-text-editor elementor-clearfix\"><!-- wp:heading {\"level\":3,\"align\":\"center\"} -->\n<h3 style=\"text-align: center;\">sierpie\u0144 2021<\/h3>\n<!-- \/wp:heading --><\/div>\n\t\t\t\t<\/div>\n\t\t\t\t<\/div>\n\t\t\t\t\t\t<\/div>\n\t\t\t<\/div>\n\t\t<\/div>\n\t\t\t\t\t\t<\/div>\n\t\t\t<\/div>\n\t\t<\/section>\n\t\t\t\t<section class=\"elementor-element elementor-element-4a1696a elementor-section-boxed elementor-section-height-default elementor-section-height-default elementor-section elementor-top-section\" data-id=\"4a1696a\" data-element_type=\"section\">\n\t\t\t\t\t\t<div class=\"elementor-container elementor-column-gap-default\">\n\t\t\t\t<div class=\"elementor-row\">\n\t\t\t\t<div class=\"elementor-element elementor-element-a624b2b elementor-column elementor-col-100 elementor-top-column\" data-id=\"a624b2b\" data-element_type=\"column\">\n\t\t\t<div class=\"elementor-column-wrap  elementor-element-populated\">\n\t\t\t\t\t<div class=\"elementor-widget-wrap\">\n\t\t\t\t<div class=\"elementor-element elementor-element-9e2b88c elementor-widget elementor-widget-text-editor\" data-id=\"9e2b88c\" data-element_type=\"widget\" data-widget_type=\"text-editor.default\">\n\t\t\t\t<div class=\"elementor-widget-container\">\n\t\t\t\t\t<div class=\"elementor-text-editor elementor-clearfix\"><h4><span style=\"text-decoration: underline;\"><strong><span style=\"color: #0000ff; text-decoration: underline;\">Zobacz przygotowani<a href=\"https:\/\/www.facebook.com\/media\/set\/?vanity=zsrtbg&amp;set=a.3507660605956042\">a do wyjazdu oraz przebieg sta\u017cu w Sewilli w albumie na szkolnym Facebooku.<\/a><\/span><\/strong><\/span><\/h4>\n<h5><em>07.09.2021<\/em><\/h5>\n<p>\u00a0<\/p>\n<p><iframe loading=\"lazy\" style=\"border: none; overflow: hidden;\" src=\"https:\/\/www.facebook.com\/plugins\/post.php?href=https%3A%2F%2Fwww.facebook.com%2Fzsrtbg%2Fposts%2F4337048846350543&amp;show_text=true&amp;width=500\" width=\"500\" height=\"787\" frameborder=\"0\" scrolling=\"no\" allowfullscreen=\"allowfullscreen\"><\/iframe><\/p>\n<p><iframe loading=\"lazy\" style=\"border: none; overflow: hidden;\" src=\"https:\/\/www.facebook.com\/plugins\/post.php?href=https%3A%2F%2Fwww.facebook.com%2Fzsrtbg%2Fposts%2F4311156582273103&amp;show_text=true&amp;width=500\" width=\"500\" height=\"784\" frameborder=\"0\" scrolling=\"no\" allowfullscreen=\"allowfullscreen\"><\/iframe><\/p>\n<p>\u00a0<\/p>\n<p><iframe loading=\"lazy\" src=\"https:\/\/docs.google.com\/presentation\/d\/e\/2PACX-1vT92WZApPdPW_l-fxrck8hpA83a2u6NqM6_8vMB-pjrCScUF2qJV4wHhYCRs1BM4A\/embed?start=false&amp;loop=false&amp;delayms=3000\" width=\"960\" height=\"569\" frameborder=\"0\" allowfullscreen=\"allowfullscreen\"><\/iframe><\/p>\n<h5><em>\u00a025.08.2021<\/em><\/h5>\n<h3 style=\"text-align: center;\">Relacja ze sta\u017cy w Sewilli w postach i filmach zamieszczanych szkolnym Facebooku poni\u017cej.<\/h3>\n<div>\u00a0<\/div>\n<p><iframe loading=\"lazy\" style=\"border: none; overflow: hidden;\" src=\"https:\/\/www.facebook.com\/plugins\/post.php?href=https%3A%2F%2Fwww.facebook.com%2Fzsrtbg%2Fposts%2F4202403586481737&amp;show_text=true&amp;width=500\" width=\"500\" height=\"721\" frameborder=\"0\" scrolling=\"no\" allowfullscreen=\"allowfullscreen\"><\/iframe> <iframe loading=\"lazy\" style=\"border: none; overflow: hidden;\" src=\"https:\/\/www.facebook.com\/plugins\/post.php?href=https%3A%2F%2Fwww.facebook.com%2Fzsrtbg%2Fposts%2F4200774376644658&amp;show_text=true&amp;width=500\" width=\"500\" height=\"525\" frameborder=\"0\" scrolling=\"no\" allowfullscreen=\"allowfullscreen\"><\/iframe> <iframe loading=\"lazy\" style=\"border: none; overflow: hidden;\" src=\"https:\/\/www.facebook.com\/plugins\/post.php?href=https%3A%2F%2Fwww.facebook.com%2Fzsrtbg%2Fposts%2F4200617203327042&amp;show_text=true&amp;width=500\" width=\"500\" height=\"525\" frameborder=\"0\" scrolling=\"no\" allowfullscreen=\"allowfullscreen\"><\/iframe> <iframe loading=\"lazy\" style=\"border: none; overflow: hidden;\" src=\"https:\/\/www.facebook.com\/plugins\/post.php?href=https%3A%2F%2Fwww.facebook.com%2Fzsrtbg%2Fposts%2F4192093750846054&amp;show_text=true&amp;width=500\" width=\"500\" height=\"670\" frameborder=\"0\" scrolling=\"no\" allowfullscreen=\"allowfullscreen\"><\/iframe> <iframe loading=\"lazy\" style=\"border: none; overflow: hidden;\" src=\"https:\/\/www.facebook.com\/plugins\/video.php?height=314&amp;href=https%3A%2F%2Fwww.facebook.com%2Fzsrtbg%2Fvideos%2F349935610194545%2F&amp;show_text=false&amp;width=560&amp;t=0\" width=\"560\" height=\"314\" frameborder=\"0\" scrolling=\"no\" allowfullscreen=\"allowfullscreen\"><\/iframe> <iframe loading=\"lazy\" style=\"border: none; overflow: hidden;\" src=\"https:\/\/www.facebook.com\/plugins\/post.php?href=https%3A%2F%2Fwww.facebook.com%2Fzsrtbg%2Fposts%2F4184955854893177&amp;show_text=true&amp;width=500\" width=\"500\" height=\"702\" frameborder=\"0\" scrolling=\"no\" allowfullscreen=\"allowfullscreen\"><\/iframe> <iframe loading=\"lazy\" style=\"border: none; overflow: hidden;\" src=\"https:\/\/www.facebook.com\/plugins\/post.php?href=https%3A%2F%2Fwww.facebook.com%2Fzsrtbg%2Fposts%2F4179575318764564&amp;show_text=true&amp;width=500\" width=\"500\" height=\"714\" frameborder=\"0\" scrolling=\"no\" allowfullscreen=\"allowfullscreen\"><\/iframe> <iframe loading=\"lazy\" style=\"border: none; overflow: hidden;\" src=\"https:\/\/www.facebook.com\/plugins\/post.php?href=https%3A%2F%2Fwww.facebook.com%2Fzsrtbg%2Fposts%2F4167919763263453&amp;show_text=true&amp;width=500\" width=\"500\" height=\"683\" frameborder=\"0\" scrolling=\"no\" allowfullscreen=\"allowfullscreen\"><\/iframe> <iframe loading=\"lazy\" style=\"border: none; overflow: hidden;\" src=\"https:\/\/www.facebook.com\/plugins\/post.php?href=https%3A%2F%2Fwww.facebook.com%2Fzsrtbg%2Fposts%2F4159021450819951&amp;show_text=true&amp;width=500\" width=\"500\" height=\"664\" frameborder=\"0\" scrolling=\"no\" allowfullscreen=\"allowfullscreen\"><\/iframe> <iframe loading=\"lazy\" style=\"border: none; overflow: hidden;\" src=\"https:\/\/www.facebook.com\/plugins\/post.php?href=https%3A%2F%2Fwww.facebook.com%2Fzsrtbg%2Fposts%2F4153143881407708&amp;show_text=true&amp;width=500\" width=\"500\" height=\"702\" frameborder=\"0\" scrolling=\"no\" allowfullscreen=\"allowfullscreen\"><\/iframe> <iframe loading=\"lazy\" style=\"border: none; overflow: hidden;\" src=\"https:\/\/www.facebook.com\/plugins\/post.php?href=https%3A%2F%2Fwww.facebook.com%2Fzsrtbg%2Fposts%2F4147442811977815&amp;show_text=true&amp;width=500\" width=\"500\" height=\"721\" frameborder=\"0\" scrolling=\"no\" allowfullscreen=\"allowfullscreen\"><\/iframe> <iframe loading=\"lazy\" style=\"border: none; overflow: hidden;\" src=\"https:\/\/www.facebook.com\/plugins\/post.php?href=https%3A%2F%2Fwww.facebook.com%2Fzsrtbg%2Fposts%2F4147442811977815&amp;show_text=true&amp;width=500\" width=\"500\" height=\"721\" frameborder=\"0\" scrolling=\"no\" allowfullscreen=\"allowfullscreen\"><\/iframe> <iframe loading=\"lazy\" style=\"border: none; overflow: hidden;\" src=\"https:\/\/www.facebook.com\/plugins\/post.php?href=https%3A%2F%2Fwww.facebook.com%2Fzsrtbg%2Fposts%2F4140984942623602&amp;show_text=true&amp;width=500\" width=\"500\" height=\"683\" frameborder=\"0\" scrolling=\"no\" allowfullscreen=\"allowfullscreen\"><\/iframe> <iframe loading=\"lazy\" style=\"border: none; overflow: hidden;\" src=\"https:\/\/www.facebook.com\/plugins\/post.php?href=https%3A%2F%2Fwww.facebook.com%2Fzsrtbg%2Fposts%2F4140565495998880&amp;show_text=true&amp;width=500\" width=\"500\" height=\"778\" frameborder=\"0\" scrolling=\"no\" allowfullscreen=\"allowfullscreen\"><\/iframe><\/p>\n<p><iframe loading=\"lazy\" style=\"border: none; overflow: hidden;\" src=\"https:\/\/www.facebook.com\/plugins\/post.php?href=https%3A%2F%2Fwww.facebook.com%2Fzsrtbg%2Fposts%2F4132745820114181&amp;show_text=true&amp;width=500\" width=\"500\" height=\"740\" frameborder=\"0\" scrolling=\"no\" allowfullscreen=\"allowfullscreen\"><\/iframe><\/p>\n<div>\u00a0<\/div>\n<div>\u00a0<\/div>\n<h5><em style=\"letter-spacing: 0px;\">03.06.2020<\/em><\/h5>\n<p>Przygotowania tej grupy do wyjazdu s\u0105 w toku:<\/p>\n<ul>\n<li>grupa szlifuje j\u0119zyk angielski na platformie OLS<\/li>\n<li>zako\u0144czy\u0142 si\u0119 kurs j\u0119zyka angielskiego zawodowego prowadzony przez nauczyciela angielskiego cz\u0119sciowo w formie online<\/li>\n<\/ul>\n<h5>\u00a0<\/h5>\n<p>\u00a0<\/p><\/div>\n\t\t\t\t<\/div>\n\t\t\t\t<\/div>\n\t\t\t\t\t\t<\/div>\n\t\t\t<\/div>\n\t\t<\/div>\n\t\t\t\t\t\t<\/div>\n\t\t\t<\/div>\n\t\t<\/section>\n\t\t\t\t\t\t<\/div>\n\t\t\t<\/div>\n\t\t<\/div>\n\t\t","protected":false},"excerpt":{"rendered":"<p>sierpie\u0144 2021 Zobacz przygotowania do wyjazdu oraz przebieg sta\u017cu w Sewilli w albumie na szkolnym Facebooku. 07.09.2021 \u00a0 \u00a0 \u00a025.08.2021 Relacja ze sta\u017cy w Sewilli w postach i filmach zamieszczanych szkolnym Facebooku poni\u017cej. \u00a0 \u00a0 \u00a0 03.06.2020 Przygotowania tej grupy do wyjazdu s\u0105 w toku: grupa szlifuje j\u0119zyk angielski na platformie OLS zako\u0144czy\u0142 si\u0119 kurs j\u0119zyka angielskiego zawodowego prowadzony przez nauczyciela angielskiego cz\u0119sciowo w formie online \u00a0 \u00a0<\/p>\n","protected":false},"author":1,"featured_media":0,"parent":0,"menu_order":0,"comment_status":"closed","ping_status":"closed","template":"","meta":{"footnotes":""},"_links":{"self":[{"href":"http:\/\/rolnik.tbg.net.pl\/erasmusplus2019\/wp-json\/wp\/v2\/pages\/35"}],"collection":[{"href":"http:\/\/rolnik.tbg.net.pl\/erasmusplus2019\/wp-json\/wp\/v2\/pages"}],"about":[{"href":"http:\/\/rolnik.tbg.net.pl\/erasmusplus2019\/wp-json\/wp\/v2\/types\/page"}],"author":[{"embeddable":true,"href":"http:\/\/rolnik.tbg.net.pl\/erasmusplus2019\/wp-json\/wp\/v2\/users\/1"}],"replies":[{"embeddable":true,"href":"http:\/\/rolnik.tbg.net.pl\/erasmusplus2019\/wp-json\/wp\/v2\/comments?post=35"}],"version-history":[{"count":12,"href":"http:\/\/rolnik.tbg.net.pl\/erasmusplus2019\/wp-json\/wp\/v2\/pages\/35\/revisions"}],"predecessor-version":[{"id":368,"href":"http:\/\/rolnik.tbg.net.pl\/erasmusplus2019\/wp-json\/wp\/v2\/pages\/35\/revisions\/368"}],"wp:attachment":[{"href":"http:\/\/rolnik.tbg.net.pl\/erasmusplus2019\/wp-json\/wp\/v2\/media?parent=35"}],"curies":[{"name":"wp","href":"https:\/\/api.w.org\/{rel}","templated":true}]}}